{"id":1958,"date":"2023-03-15T16:44:32","date_gmt":"2023-03-15T16:44:32","guid":{"rendered":"http:\/\/www.cambralgtbiq.org\/1835-2\/"},"modified":"2023-04-04T10:20:33","modified_gmt":"2023-04-04T10:20:33","slug":"zona-de-descuentos","status":"publish","type":"page","link":"https:\/\/www.cambralgtbiq.org\/es\/zona-de-descuentos\/","title":{"rendered":"Zona de descuentos"},"content":{"rendered":"<p>[vc_row css_animation=\u00bb\u00bb row_type=\u00bbrow\u00bb use_row_as_full_screen_section=\u00bbno\u00bb type=\u00bbfull_width\u00bb angled_section=\u00bbno\u00bb text_align=\u00bbleft\u00bb background_image_as_pattern=\u00bbwithout_pattern\u00bb][vc_column][vc_column_text]<\/p>\n<h1>Zona de descuentos<\/h1>\n<p>[\/vc_column_text][vc_empty_space height=\u00bb16px\u00bb][\/vc_column][\/vc_row][vc_row css_animation=\u00bb\u00bb row_type=\u00bbrow\u00bb use_row_as_full_screen_section=\u00bbno\u00bb type=\u00bbfull_width\u00bb angled_section=\u00bbno\u00bb text_align=\u00bbleft\u00bb background_image_as_pattern=\u00bbwithout_pattern\u00bb][vc_column][vc_column_text]\u00a1Formar parte de la Cambra LGTBIQ+ de Catalu\u00f1a tiene muchas ventajas! Aparte de todos los servicios que ofrecemos desde nuestra sede, tambi\u00e9n contamos con una serie de descuentos y ofertas exclusivas para nuestros asociados y asociadas.<\/p>\n<p><strong><a href=\"http:\/\/www.cambralgtbiq.org\/es\/asociate\/\">Si todav\u00eda no eres socio o socia, \u00a1ap\u00fantate a la C\u00e1mara ahora mismo clicando aqu\u00ed!<\/a><\/strong>[\/vc_column_text][vc_text_separator title=\u00bbDescomptes\u00bb border=\u00bbno\u00bb][vc_empty_space height=\u00bb16px\u00bb][\/vc_column][\/vc_row][vc_row css_animation=\u00bb\u00bb row_type=\u00bbrow\u00bb use_row_as_full_screen_section=\u00bbno\u00bb type=\u00bbfull_width\u00bb angled_section=\u00bbno\u00bb text_align=\u00bbleft\u00bb background_image_as_pattern=\u00bbwithout_pattern\u00bb][vc_column width=\u00bb1\/4&#8243;][vc_hoverbox image=\u00bb2085&#8243; primary_title=\u00bb\u00bb primary_title_font_container=\u00bbcolor:%23ffffff\u00bb hover_title=\u00bb\u00a1VENTAJAS EXCLUSIVAS!\u00bb hover_background_color=\u00bbwhite\u00bb]Ser una empresa asociada a la C\u00e1mara LGTBIQ+ tiene muchas ventajas en el <strong>restaurante CrosMas<\/strong> de la calle Casanova, 158 de Barcelona:<\/p>\n<ul>\n<li><strong>Obsequio de la tarta de cumplea\u00f1os para comidas o cenas de grupo a partir de 6 personas.<\/strong><\/li>\n<li><strong>Prioridad de reserva en sal\u00f3n privado para grupos de 8 a 15 personas.<\/strong><\/li>\n<li><strong>Men\u00fas a medida para empresas y particulares.<\/strong><\/li>\n<\/ul>\n<p><strong>\u00a1Llama al 658 424 582!<\/strong>[\/vc_hoverbox][\/vc_column][vc_column width=\u00bb1\/4&#8243;][vc_hoverbox image=\u00bb2078&#8243; primary_title=\u00bb\u00bb primary_title_font_container=\u00bbcolor:%23ffffff\u00bb hover_title=\u00bb10% DE DESCUENTO EN LA CARTA Y GRUPOS\u00bb hover_background_color=\u00bbwhite\u00bb]En el <strong>restaurante CrosMas<\/strong> de la calle Casanova, 158 de Barcelona, presentando el carnet de socio, t\u00fa y tus acompa\u00f1antes disfrutar\u00e9is:<\/p>\n<ul>\n<li>10% de descuento por almuerzo o cena en la Carta (de lunes a s\u00e1bado).<\/li>\n<li>10% de descuento en nuestros men\u00fas de grupo.<\/li>\n<\/ul>\n<p><strong>\u00a1Llama al 658 424 582!<\/strong>[\/vc_hoverbox][\/vc_column][vc_column width=\u00bb1\/4&#8243;][vc_hoverbox image=\u00bb2072&#8243; primary_title=\u00bb\u00bb primary_title_font_container=\u00bbcolor:%23ffffff\u00bb hover_title=\u00bb10% DE DESCUENTO MEN\u00da + CAF\u00c9 GRATIS\u00bb hover_background_color=\u00bbwhite\u00bb]En el <strong>restaurante CrosMas<\/strong> de la calle Casanova, 158 de Barcelona, os ofrecemos una gastronom\u00eda Mediterr\u00e1nea creativa de excelente calidad con opciones veganas y para intolerancias.<\/p>\n<p>Presentando el carn\u00e9 de socio, t\u00fa y tus acompa\u00f1antes disfrutar\u00e9is:<\/p>\n<p><strong>10% dto. en el men\u00fa de mediod\u00eda + invitaci\u00f3n al caf\u00e9 (lun. a vier.).<\/strong><\/p>\n<p><strong>\u00a1Llama al 658 424 582!<\/strong>[\/vc_hoverbox][\/vc_column][vc_column width=\u00bb1\/4&#8243;][vc_hoverbox image=\u00bb1994&#8243; primary_title=\u00bb\u00bb primary_title_font_container=\u00bbcolor:%23ffffff\u00bb hover_title=\u00bbCl\u00ednica Veneer&#8217;s: descuentos para la mejora de la salud dental\u00bb hover_background_color=\u00bbwhite\u00bb]<strong>La Cl\u00ednica Dental Veneer&#8217;s Barcelona<\/strong> ofrece exclusivamente a nuestros socios y socias: primeras visitas e higienes y gratuitas, descuentos en cualquier tratamiento, entre otros. <strong><a href=\"https:\/\/clinicadentalveneers.com\/salud-dental-colectivos\/\">\u00a1Consulta toda la informaci\u00f3n aqu\u00ed!<\/a><\/strong><\/p>\n<p>Contacto:<\/p>\n<p>Ll\u00e1manos 934 410 550 o info@clinicadentalveneers.com[\/vc_hoverbox][\/vc_column][\/vc_row][vc_row css_animation=\u00bb\u00bb row_type=\u00bbrow\u00bb use_row_as_full_screen_section=\u00bbno\u00bb type=\u00bbfull_width\u00bb angled_section=\u00bbno\u00bb text_align=\u00bbleft\u00bb background_image_as_pattern=\u00bbwithout_pattern\u00bb][vc_column][vc_empty_space][\/vc_column][\/vc_row][vc_row css_animation=\u00bb\u00bb row_type=\u00bbrow\u00bb use_row_as_full_screen_section=\u00bbno\u00bb type=\u00bbfull_width\u00bb angled_section=\u00bbno\u00bb text_align=\u00bbleft\u00bb background_image_as_pattern=\u00bbwithout_pattern\u00bb][vc_column width=\u00bb1\/4&#8243;][vc_hoverbox image=\u00bb1944&#8243; primary_title=\u00bb\u00bb primary_title_font_container=\u00bbcolor:%23ffffff\u00bb hover_title=\u00bb100% de descuento en las Muestras de Comercio de la XCD BCN\u00bb hover_background_color=\u00bbwhite\u00bb]<\/p>\n<p class=\"_04xlpA direction-ltr align-center para-style-body\"><strong>100% de descuento<\/strong> en la tarifa de participaci\u00f3n en las <strong>Muestras de Comercio de la XCD BCN<\/strong>. M\u00e1s informaci\u00f3n en <strong><a href=\"mailto:hola@xcdbcn.org\">hola@xcdbcn.org<\/a><\/strong>.<\/p>\n<p>[\/vc_hoverbox][\/vc_column][vc_column width=\u00bb1\/4&#8243;][vc_hoverbox image=\u00bb1939&#8243; primary_title=\u00bb\u00bb primary_title_font_container=\u00bbcolor:%23ffffff\u00bb hover_title=\u00bbParticipa en condiciones ventajosas en el Pride! BCN 2023&#8243; hover_background_color=\u00bbwhite\u00bb]\u00bfTe gustar\u00eda que tu empresa tenga presencia en el Village, Manifestaci\u00f3n, Publicidad o tienes persado organizar alg\u00fan evento y necesitas difusi\u00f3n?<\/p>\n<p>Todas las personas asociadas a la Cambra LGTBIQ+ pueden participar en el Pride! BCN 2023 en condiciones bastante ventajosas. En breve publicaremos m\u00e1s informaci\u00f3n.[\/vc_hoverbox][\/vc_column][vc_column width=\u00bb1\/4&#8243;][vc_hoverbox image=\u00bb1918&#8243; primary_title=\u00bb\u00bb primary_title_font_container=\u00bbcolor:%23ffffff\u00bb hover_title=\u00bb10% de descuento en la tienda de Pride! BCN\u00bb hover_background_color=\u00bbwhite\u00bb primary_title_link=\u00bburl:http%3A%2F%2Fshop.pridebarcelona.org%2F|target:_blank\u00bb]<strong>Pride! BCN<\/strong> ofrece en exclusiva a todos los socios y socias de la Cambra LGTBIQ+ un 10% de descuento en los productos de su <a href=\"http:\/\/shop.pridebarcelona.org\/\"><strong>tienda online<\/strong><\/a>.<\/p>\n<p>Para solicitar el descuento p\u00f3ngase en contacto con<strong><a href=\"mailto:hola@cambralgtbiq.org\"> hola@cambralgtbiq.org<\/a><\/strong>.[\/vc_hoverbox][\/vc_column][vc_column width=\u00bb1\/4&#8243;][\/vc_column][\/vc_row][vc_row css_animation=\u00bb\u00bb row_type=\u00bbrow\u00bb use_row_as_full_screen_section=\u00bbno\u00bb type=\u00bbfull_width\u00bb angled_section=\u00bbno\u00bb text_align=\u00bbleft\u00bb background_image_as_pattern=\u00bbwithout_pattern\u00bb][vc_column][vc_empty_space][\/vc_column][\/vc_row]<\/p>\n","protected":false},"excerpt":{"rendered":"<p>[vc_row css_animation=\u00bb\u00bb row_type=\u00bbrow\u00bb use_row_as_full_screen_section=\u00bbno\u00bb type=\u00bbfull_width\u00bb angled_section=\u00bbno\u00bb text_align=\u00bbleft\u00bb background_image_as_pattern=\u00bbwithout_pattern\u00bb][vc_column][vc_column_text] Zona de descuentos [\/vc_column_text][vc_empty_space height=\u00bb16px\u00bb][\/vc_column][\/vc_row][vc_row css_animation=\u00bb\u00bb row_type=\u00bbrow\u00bb use_row_as_full_screen_section=\u00bbno\u00bb type=\u00bbfull_width\u00bb angled_section=\u00bbno\u00bb text_align=\u00bbleft\u00bb background_image_as_pattern=\u00bbwithout_pattern\u00bb][vc_column][vc_column_text]\u00a1Formar parte de la Cambra LGTBIQ+ de Catalu\u00f1a tiene muchas ventajas! Aparte de todos los servicios que ofrecemos desde nuestra sede, tambi\u00e9n contamos con una serie&#8230;<\/p>\n","protected":false},"author":1,"featured_media":0,"parent":0,"menu_order":0,"comment_status":"closed","ping_status":"closed","template":"","meta":{"om_disable_all_campaigns":false},"aioseo_notices":[],"_links":{"self":[{"href":"https:\/\/www.cambralgtbiq.org\/es\/wp-json\/wp\/v2\/pages\/1958"}],"collection":[{"href":"https:\/\/www.cambralgtbiq.org\/es\/wp-json\/wp\/v2\/pages"}],"about":[{"href":"https:\/\/www.cambralgtbiq.org\/es\/wp-json\/wp\/v2\/types\/page"}],"author":[{"embeddable":true,"href":"https:\/\/www.cambralgtbiq.org\/es\/wp-json\/wp\/v2\/users\/1"}],"replies":[{"embeddable":true,"href":"https:\/\/www.cambralgtbiq.org\/es\/wp-json\/wp\/v2\/comments?post=1958"}],"version-history":[{"count":11,"href":"https:\/\/www.cambralgtbiq.org\/es\/wp-json\/wp\/v2\/pages\/1958\/revisions"}],"predecessor-version":[{"id":2090,"href":"https:\/\/www.cambralgtbiq.org\/es\/wp-json\/wp\/v2\/pages\/1958\/revisions\/2090"}],"wp:attachment":[{"href":"https:\/\/www.cambralgtbiq.org\/es\/wp-json\/wp\/v2\/media?parent=1958"}],"curies":[{"name":"wp","href":"https:\/\/api.w.org\/{rel}","templated":true}]}}